{"id":25072,"date":"2023-07-12T16:25:42","date_gmt":"2023-07-12T08:25:42","guid":{"rendered":"https:\/\/www.emborg.com\/ve-chung-toi\/"},"modified":"2025-08-20T18:48:11","modified_gmt":"2025-08-20T10:48:11","slug":"about-us","status":"publish","type":"page","link":"https:\/\/www.emborg.com\/vn\/about-us\/","title":{"rendered":"V\u1ec1 ch\u00fang t\u00f4i"},"content":{"rendered":"","protected":false},"excerpt":{"rendered":"","protected":false},"author":1,"featured_media":0,"parent":0,"menu_order":0,"comment_status":"closed","ping_status":"closed","template":"template-about.blade.php","meta":{"footnotes":""},"acf":[],"yoast_head":"<!-- This site is optimized with the Yoast SEO plugin v21.4 - https:\/\/yoast.com\/wordpress\/plugins\/seo\/ -->\n<title>V\u1ec1 ch\u00fang t\u00f4i - Emborg Vi\u1ec7t Nam<\/title>\n<meta name=\"description\" content=\"T\u00ecm hi\u1ec3u v\u1ec1 Emborg v\u00e0 75+ n\u0103m \u0111am m\u00ea n\u1ea5u \u0103n v\u00e0 chia s\u1ebb th\u1ee9c \u0103n v\u1edbi nh\u1eefng ng\u01b0\u1eddi ch\u00fang t\u00f4i y\u00eau th\u01b0\u01a1ng.\" \/>\n<meta name=\"robots\" content=\"index, follow, max-snippet:-1, max-image-preview:large, max-video-preview:-1\" \/>\n<link rel=\"canonical\" href=\"https:\/\/www.emborg.com\/vn\/about-us\/\" \/>\n<meta property=\"og:locale\" content=\"en_US\" \/>\n<meta property=\"og:type\" content=\"article\" \/>\n<meta property=\"og:title\" content=\"V\u1ec1 ch\u00fang t\u00f4i - Emborg Vi\u1ec7t Nam\" \/>\n<meta property=\"og:description\" content=\"T\u00ecm hi\u1ec3u v\u1ec1 Emborg v\u00e0 75+ n\u0103m \u0111am m\u00ea n\u1ea5u \u0103n v\u00e0 chia s\u1ebb th\u1ee9c \u0103n v\u1edbi nh\u1eefng ng\u01b0\u1eddi ch\u00fang t\u00f4i y\u00eau th\u01b0\u01a1ng.\" \/>\n<meta property=\"og:url\" content=\"https:\/\/www.emborg.com\/vn\/about-us\/\" \/>\n<meta property=\"og:site_name\" content=\"Emborg\" \/>\n<meta property=\"article:publisher\" content=\"https:\/\/www.facebook.com\/EmborgMalaysia\/\" \/>\n<meta property=\"article:modified_time\" content=\"2025-08-20T10:48:11+00:00\" \/>\n<meta property=\"og:image\" content=\"https:\/\/www.emborg.com\/app\/uploads\/2023\/10\/fbshare.png\" \/>\n\t<meta property=\"og:image:width\" content=\"1200\" \/>\n\t<meta property=\"og:image:height\" content=\"630\" \/>\n\t<meta property=\"og:image:type\" content=\"image\/png\" \/>\n<meta name=\"twitter:card\" content=\"summary_large_image\" \/>\n<script type=\"application\/ld+json\" class=\"yoast-schema-graph\">{\"@context\":\"https:\/\/schema.org\",\"@graph\":[{\"@type\":\"WebPage\",\"@id\":\"https:\/\/www.emborg.com\/vn\/about-us\/\",\"url\":\"https:\/\/www.emborg.com\/vn\/about-us\/\",\"name\":\"V\u1ec1 ch\u00fang t\u00f4i - Emborg Vi\u1ec7t Nam\",\"isPartOf\":{\"@id\":\"https:\/\/www.emborg.com\/vn\/#website\"},\"datePublished\":\"2023-07-12T08:25:42+00:00\",\"dateModified\":\"2025-08-20T10:48:11+00:00\",\"description\":\"T\u00ecm hi\u1ec3u v\u1ec1 Emborg v\u00e0 75+ n\u0103m \u0111am m\u00ea n\u1ea5u \u0103n v\u00e0 chia s\u1ebb th\u1ee9c \u0103n v\u1edbi nh\u1eefng ng\u01b0\u1eddi ch\u00fang t\u00f4i y\u00eau th\u01b0\u01a1ng.\",\"breadcrumb\":{\"@id\":\"https:\/\/www.emborg.com\/vn\/about-us\/#breadcrumb\"},\"inLanguage\":\"vn-VN\",\"potentialAction\":[{\"@type\":\"ReadAction\",\"target\":[\"https:\/\/www.emborg.com\/vn\/about-us\/\"]}]},{\"@type\":\"BreadcrumbList\",\"@id\":\"https:\/\/www.emborg.com\/vn\/about-us\/#breadcrumb\",\"itemListElement\":[{\"@type\":\"ListItem\",\"position\":1,\"name\":\"Home\",\"item\":\"https:\/\/www.emborg.com\/vn\/\"},{\"@type\":\"ListItem\",\"position\":2,\"name\":\"V\u1ec1 ch\u00fang t\u00f4i\"}]},{\"@type\":\"WebSite\",\"@id\":\"https:\/\/www.emborg.com\/vn\/#website\",\"url\":\"https:\/\/www.emborg.com\/vn\/\",\"name\":\"Emborg\",\"description\":\"Delicious Recipes for Any Occasion\",\"publisher\":{\"@id\":\"https:\/\/www.emborg.com\/vn\/#organization\"},\"alternateName\":\"Emborg Food\",\"potentialAction\":[{\"@type\":\"SearchAction\",\"target\":{\"@type\":\"EntryPoint\",\"urlTemplate\":\"https:\/\/www.emborg.com\/vn\/?s={search_term_string}\"},\"query-input\":\"required name=search_term_string\"}],\"inLanguage\":\"vn-VN\"},{\"@type\":\"Organization\",\"@id\":\"https:\/\/www.emborg.com\/vn\/#organization\",\"name\":\"Uhrenholt\",\"url\":\"https:\/\/www.emborg.com\/vn\/\",\"logo\":{\"@type\":\"ImageObject\",\"inLanguage\":\"vn-VN\",\"@id\":\"https:\/\/www.emborg.com\/vn\/#\/schema\/logo\/image\/\",\"url\":\"https:\/\/www.emborg.com\/app\/uploads\/2023\/09\/logo-transparent.png\",\"contentUrl\":\"https:\/\/www.emborg.com\/app\/uploads\/2023\/09\/logo-transparent.png\",\"width\":200,\"height\":106,\"caption\":\"Uhrenholt\"},\"image\":{\"@id\":\"https:\/\/www.emborg.com\/vn\/#\/schema\/logo\/image\/\"},\"sameAs\":[\"https:\/\/www.facebook.com\/EmborgMalaysia\/\"]}]}<\/script>\n<!-- \/ Yoast SEO plugin. -->","yoast_head_json":{"title":"V\u1ec1 ch\u00fang t\u00f4i - Emborg Vi\u1ec7t Nam","description":"T\u00ecm hi\u1ec3u v\u1ec1 Emborg v\u00e0 75+ n\u0103m \u0111am m\u00ea n\u1ea5u \u0103n v\u00e0 chia s\u1ebb th\u1ee9c \u0103n v\u1edbi nh\u1eefng ng\u01b0\u1eddi ch\u00fang t\u00f4i y\u00eau th\u01b0\u01a1ng.","robots":{"index":"index","follow":"follow","max-snippet":"max-snippet:-1","max-image-preview":"max-image-preview:large","max-video-preview":"max-video-preview:-1"},"canonical":"https:\/\/www.emborg.com\/vn\/about-us\/","og_locale":"en_US","og_type":"article","og_title":"V\u1ec1 ch\u00fang t\u00f4i - Emborg Vi\u1ec7t Nam","og_description":"T\u00ecm hi\u1ec3u v\u1ec1 Emborg v\u00e0 75+ n\u0103m \u0111am m\u00ea n\u1ea5u \u0103n v\u00e0 chia s\u1ebb th\u1ee9c \u0103n v\u1edbi nh\u1eefng ng\u01b0\u1eddi ch\u00fang t\u00f4i y\u00eau th\u01b0\u01a1ng.","og_url":"https:\/\/www.emborg.com\/vn\/about-us\/","og_site_name":"Emborg","article_publisher":"https:\/\/www.facebook.com\/EmborgMalaysia\/","article_modified_time":"2025-08-20T10:48:11+00:00","og_image":[{"width":1200,"height":630,"url":"https:\/\/www.emborg.com\/app\/uploads\/2023\/10\/fbshare.png","type":"image\/png"}],"twitter_card":"summary_large_image","schema":{"@context":"https:\/\/schema.org","@graph":[{"@type":"WebPage","@id":"https:\/\/www.emborg.com\/vn\/about-us\/","url":"https:\/\/www.emborg.com\/vn\/about-us\/","name":"V\u1ec1 ch\u00fang t\u00f4i - Emborg Vi\u1ec7t Nam","isPartOf":{"@id":"https:\/\/www.emborg.com\/vn\/#website"},"datePublished":"2023-07-12T08:25:42+00:00","dateModified":"2025-08-20T10:48:11+00:00","description":"T\u00ecm hi\u1ec3u v\u1ec1 Emborg v\u00e0 75+ n\u0103m \u0111am m\u00ea n\u1ea5u \u0103n v\u00e0 chia s\u1ebb th\u1ee9c \u0103n v\u1edbi nh\u1eefng ng\u01b0\u1eddi ch\u00fang t\u00f4i y\u00eau th\u01b0\u01a1ng.","breadcrumb":{"@id":"https:\/\/www.emborg.com\/vn\/about-us\/#breadcrumb"},"inLanguage":"vn-VN","potentialAction":[{"@type":"ReadAction","target":["https:\/\/www.emborg.com\/vn\/about-us\/"]}]},{"@type":"BreadcrumbList","@id":"https:\/\/www.emborg.com\/vn\/about-us\/#breadcrumb","itemListElement":[{"@type":"ListItem","position":1,"name":"Home","item":"https:\/\/www.emborg.com\/vn\/"},{"@type":"ListItem","position":2,"name":"V\u1ec1 ch\u00fang t\u00f4i"}]},{"@type":"WebSite","@id":"https:\/\/www.emborg.com\/vn\/#website","url":"https:\/\/www.emborg.com\/vn\/","name":"Emborg","description":"Delicious Recipes for Any Occasion","publisher":{"@id":"https:\/\/www.emborg.com\/vn\/#organization"},"alternateName":"Emborg Food","potentialAction":[{"@type":"SearchAction","target":{"@type":"EntryPoint","urlTemplate":"https:\/\/www.emborg.com\/vn\/?s={search_term_string}"},"query-input":"required name=search_term_string"}],"inLanguage":"vn-VN"},{"@type":"Organization","@id":"https:\/\/www.emborg.com\/vn\/#organization","name":"Uhrenholt","url":"https:\/\/www.emborg.com\/vn\/","logo":{"@type":"ImageObject","inLanguage":"vn-VN","@id":"https:\/\/www.emborg.com\/vn\/#\/schema\/logo\/image\/","url":"https:\/\/www.emborg.com\/app\/uploads\/2023\/09\/logo-transparent.png","contentUrl":"https:\/\/www.emborg.com\/app\/uploads\/2023\/09\/logo-transparent.png","width":200,"height":106,"caption":"Uhrenholt"},"image":{"@id":"https:\/\/www.emborg.com\/vn\/#\/schema\/logo\/image\/"},"sameAs":["https:\/\/www.facebook.com\/EmborgMalaysia\/"]}]}},"_links":{"self":[{"href":"https:\/\/www.emborg.com\/vn\/wp-json\/wp\/v2\/pages\/25072"}],"collection":[{"href":"https:\/\/www.emborg.com\/vn\/wp-json\/wp\/v2\/pages"}],"about":[{"href":"https:\/\/www.emborg.com\/vn\/wp-json\/wp\/v2\/types\/page"}],"author":[{"embeddable":true,"href":"https:\/\/www.emborg.com\/vn\/wp-json\/wp\/v2\/users\/1"}],"replies":[{"embeddable":true,"href":"https:\/\/www.emborg.com\/vn\/wp-json\/wp\/v2\/comments?post=25072"}],"version-history":[{"count":5,"href":"https:\/\/www.emborg.com\/vn\/wp-json\/wp\/v2\/pages\/25072\/revisions"}],"predecessor-version":[{"id":33393,"href":"https:\/\/www.emborg.com\/vn\/wp-json\/wp\/v2\/pages\/25072\/revisions\/33393"}],"wp:attachment":[{"href":"https:\/\/www.emborg.com\/vn\/wp-json\/wp\/v2\/media?parent=25072"}],"curies":[{"name":"wp","href":"https:\/\/api.w.org\/{rel}","templated":true}]}}