{"id":25081,"date":"2023-02-23T04:46:25","date_gmt":"2023-02-22T20:46:25","guid":{"rendered":"https:\/\/www.emborg.com\/lien-he-voi-chung-toi\/"},"modified":"2025-08-20T18:49:19","modified_gmt":"2025-08-20T10:49:19","slug":"contact-us","status":"publish","type":"page","link":"https:\/\/www.emborg.com\/vn\/contact-us\/","title":{"rendered":"Li\u00ean h\u1ec7 v\u1edbi ch\u00fang t\u00f4i"},"content":{"rendered":"","protected":false},"excerpt":{"rendered":"","protected":false},"author":1,"featured_media":0,"parent":0,"menu_order":0,"comment_status":"closed","ping_status":"closed","template":"template-contact_us.blade.php","meta":{"footnotes":""},"acf":[],"yoast_head":"<!-- This site is optimized with the Yoast SEO plugin v21.4 - https:\/\/yoast.com\/wordpress\/plugins\/seo\/ -->\n<title>Li\u00ean h\u1ec7 v\u1edbi ch\u00fang t\u00f4i - Emborg Vi\u1ec7t Nam<\/title>\n<meta name=\"description\" content=\"B\u1ea1n c\u00f3 c\u00e2u h\u1ecfi? G\u1eedi tin nh\u1eafn cho ch\u00fang t\u00f4i v\u00e0 ch\u00fang t\u00f4i s\u1ebd li\u00ean h\u1ec7 l\u1ea1i v\u1edbi b\u1ea1n ngay khi c\u00f3 th\u1ec3. B\u1ea5m v\u00e0o \u0111\u00e2y.\" \/>\n<meta name=\"robots\" content=\"index, follow, max-snippet:-1, max-image-preview:large, max-video-preview:-1\" \/>\n<link rel=\"canonical\" href=\"https:\/\/www.emborg.com\/vn\/contact-us\/\" \/>\n<meta property=\"og:locale\" content=\"en_US\" \/>\n<meta property=\"og:type\" content=\"article\" \/>\n<meta property=\"og:title\" content=\"Li\u00ean h\u1ec7 v\u1edbi ch\u00fang t\u00f4i - Emborg Vi\u1ec7t Nam\" \/>\n<meta property=\"og:description\" content=\"B\u1ea1n c\u00f3 c\u00e2u h\u1ecfi? G\u1eedi tin nh\u1eafn cho ch\u00fang t\u00f4i v\u00e0 ch\u00fang t\u00f4i s\u1ebd li\u00ean h\u1ec7 l\u1ea1i v\u1edbi b\u1ea1n ngay khi c\u00f3 th\u1ec3. B\u1ea5m v\u00e0o \u0111\u00e2y.\" \/>\n<meta property=\"og:url\" content=\"https:\/\/www.emborg.com\/vn\/contact-us\/\" \/>\n<meta property=\"og:site_name\" content=\"Emborg\" \/>\n<meta property=\"article:publisher\" content=\"https:\/\/www.facebook.com\/EmborgMalaysia\/\" \/>\n<meta property=\"article:modified_time\" content=\"2025-08-20T10:49:19+00:00\" \/>\n<meta property=\"og:image\" content=\"https:\/\/www.emborg.com\/app\/uploads\/2023\/10\/fbshare.png\" \/>\n\t<meta property=\"og:image:width\" content=\"1200\" \/>\n\t<meta property=\"og:image:height\" content=\"630\" \/>\n\t<meta property=\"og:image:type\" content=\"image\/png\" \/>\n<meta name=\"twitter:card\" content=\"summary_large_image\" \/>\n<script type=\"application\/ld+json\" class=\"yoast-schema-graph\">{\"@context\":\"https:\/\/schema.org\",\"@graph\":[{\"@type\":\"WebPage\",\"@id\":\"https:\/\/www.emborg.com\/vn\/contact-us\/\",\"url\":\"https:\/\/www.emborg.com\/vn\/contact-us\/\",\"name\":\"Li\u00ean h\u1ec7 v\u1edbi ch\u00fang t\u00f4i - Emborg Vi\u1ec7t Nam\",\"isPartOf\":{\"@id\":\"https:\/\/www.emborg.com\/vn\/#website\"},\"datePublished\":\"2023-02-22T20:46:25+00:00\",\"dateModified\":\"2025-08-20T10:49:19+00:00\",\"description\":\"B\u1ea1n c\u00f3 c\u00e2u h\u1ecfi? G\u1eedi tin nh\u1eafn cho ch\u00fang t\u00f4i v\u00e0 ch\u00fang t\u00f4i s\u1ebd li\u00ean h\u1ec7 l\u1ea1i v\u1edbi b\u1ea1n ngay khi c\u00f3 th\u1ec3. B\u1ea5m v\u00e0o \u0111\u00e2y.\",\"breadcrumb\":{\"@id\":\"https:\/\/www.emborg.com\/vn\/contact-us\/#breadcrumb\"},\"inLanguage\":\"vn-VN\",\"potentialAction\":[{\"@type\":\"ReadAction\",\"target\":[\"https:\/\/www.emborg.com\/vn\/contact-us\/\"]}]},{\"@type\":\"BreadcrumbList\",\"@id\":\"https:\/\/www.emborg.com\/vn\/contact-us\/#breadcrumb\",\"itemListElement\":[{\"@type\":\"ListItem\",\"position\":1,\"name\":\"Home\",\"item\":\"https:\/\/www.emborg.com\/vn\/\"},{\"@type\":\"ListItem\",\"position\":2,\"name\":\"Li\u00ean h\u1ec7 v\u1edbi ch\u00fang t\u00f4i\"}]},{\"@type\":\"WebSite\",\"@id\":\"https:\/\/www.emborg.com\/vn\/#website\",\"url\":\"https:\/\/www.emborg.com\/vn\/\",\"name\":\"Emborg\",\"description\":\"Delicious Recipes for Any Occasion\",\"publisher\":{\"@id\":\"https:\/\/www.emborg.com\/vn\/#organization\"},\"potentialAction\":[{\"@type\":\"SearchAction\",\"target\":{\"@type\":\"EntryPoint\",\"urlTemplate\":\"https:\/\/www.emborg.com\/vn\/?s={search_term_string}\"},\"query-input\":\"required name=search_term_string\"}],\"inLanguage\":\"vn-VN\"},{\"@type\":\"Organization\",\"@id\":\"https:\/\/www.emborg.com\/vn\/#organization\",\"name\":\"Uhrenholt\",\"url\":\"https:\/\/www.emborg.com\/vn\/\",\"logo\":{\"@type\":\"ImageObject\",\"inLanguage\":\"vn-VN\",\"@id\":\"https:\/\/www.emborg.com\/vn\/#\/schema\/logo\/image\/\",\"url\":\"https:\/\/www.emborg.com\/app\/uploads\/2023\/09\/logo-transparent.png\",\"contentUrl\":\"https:\/\/www.emborg.com\/app\/uploads\/2023\/09\/logo-transparent.png\",\"width\":200,\"height\":106,\"caption\":\"Uhrenholt\"},\"image\":{\"@id\":\"https:\/\/www.emborg.com\/vn\/#\/schema\/logo\/image\/\"},\"sameAs\":[\"https:\/\/www.facebook.com\/EmborgMalaysia\/\"]}]}<\/script>\n<!-- \/ Yoast SEO plugin. -->","yoast_head_json":{"title":"Li\u00ean h\u1ec7 v\u1edbi ch\u00fang t\u00f4i - Emborg Vi\u1ec7t Nam","description":"B\u1ea1n c\u00f3 c\u00e2u h\u1ecfi? G\u1eedi tin nh\u1eafn cho ch\u00fang t\u00f4i v\u00e0 ch\u00fang t\u00f4i s\u1ebd li\u00ean h\u1ec7 l\u1ea1i v\u1edbi b\u1ea1n ngay khi c\u00f3 th\u1ec3. B\u1ea5m v\u00e0o \u0111\u00e2y.","robots":{"index":"index","follow":"follow","max-snippet":"max-snippet:-1","max-image-preview":"max-image-preview:large","max-video-preview":"max-video-preview:-1"},"canonical":"https:\/\/www.emborg.com\/vn\/contact-us\/","og_locale":"en_US","og_type":"article","og_title":"Li\u00ean h\u1ec7 v\u1edbi ch\u00fang t\u00f4i - Emborg Vi\u1ec7t Nam","og_description":"B\u1ea1n c\u00f3 c\u00e2u h\u1ecfi? G\u1eedi tin nh\u1eafn cho ch\u00fang t\u00f4i v\u00e0 ch\u00fang t\u00f4i s\u1ebd li\u00ean h\u1ec7 l\u1ea1i v\u1edbi b\u1ea1n ngay khi c\u00f3 th\u1ec3. B\u1ea5m v\u00e0o \u0111\u00e2y.","og_url":"https:\/\/www.emborg.com\/vn\/contact-us\/","og_site_name":"Emborg","article_publisher":"https:\/\/www.facebook.com\/EmborgMalaysia\/","article_modified_time":"2025-08-20T10:49:19+00:00","og_image":[{"width":1200,"height":630,"url":"https:\/\/www.emborg.com\/app\/uploads\/2023\/10\/fbshare.png","type":"image\/png"}],"twitter_card":"summary_large_image","schema":{"@context":"https:\/\/schema.org","@graph":[{"@type":"WebPage","@id":"https:\/\/www.emborg.com\/vn\/contact-us\/","url":"https:\/\/www.emborg.com\/vn\/contact-us\/","name":"Li\u00ean h\u1ec7 v\u1edbi ch\u00fang t\u00f4i - Emborg Vi\u1ec7t Nam","isPartOf":{"@id":"https:\/\/www.emborg.com\/vn\/#website"},"datePublished":"2023-02-22T20:46:25+00:00","dateModified":"2025-08-20T10:49:19+00:00","description":"B\u1ea1n c\u00f3 c\u00e2u h\u1ecfi? G\u1eedi tin nh\u1eafn cho ch\u00fang t\u00f4i v\u00e0 ch\u00fang t\u00f4i s\u1ebd li\u00ean h\u1ec7 l\u1ea1i v\u1edbi b\u1ea1n ngay khi c\u00f3 th\u1ec3. B\u1ea5m v\u00e0o \u0111\u00e2y.","breadcrumb":{"@id":"https:\/\/www.emborg.com\/vn\/contact-us\/#breadcrumb"},"inLanguage":"vn-VN","potentialAction":[{"@type":"ReadAction","target":["https:\/\/www.emborg.com\/vn\/contact-us\/"]}]},{"@type":"BreadcrumbList","@id":"https:\/\/www.emborg.com\/vn\/contact-us\/#breadcrumb","itemListElement":[{"@type":"ListItem","position":1,"name":"Home","item":"https:\/\/www.emborg.com\/vn\/"},{"@type":"ListItem","position":2,"name":"Li\u00ean h\u1ec7 v\u1edbi ch\u00fang t\u00f4i"}]},{"@type":"WebSite","@id":"https:\/\/www.emborg.com\/vn\/#website","url":"https:\/\/www.emborg.com\/vn\/","name":"Emborg","description":"Delicious Recipes for Any Occasion","publisher":{"@id":"https:\/\/www.emborg.com\/vn\/#organization"},"potentialAction":[{"@type":"SearchAction","target":{"@type":"EntryPoint","urlTemplate":"https:\/\/www.emborg.com\/vn\/?s={search_term_string}"},"query-input":"required name=search_term_string"}],"inLanguage":"vn-VN"},{"@type":"Organization","@id":"https:\/\/www.emborg.com\/vn\/#organization","name":"Uhrenholt","url":"https:\/\/www.emborg.com\/vn\/","logo":{"@type":"ImageObject","inLanguage":"vn-VN","@id":"https:\/\/www.emborg.com\/vn\/#\/schema\/logo\/image\/","url":"https:\/\/www.emborg.com\/app\/uploads\/2023\/09\/logo-transparent.png","contentUrl":"https:\/\/www.emborg.com\/app\/uploads\/2023\/09\/logo-transparent.png","width":200,"height":106,"caption":"Uhrenholt"},"image":{"@id":"https:\/\/www.emborg.com\/vn\/#\/schema\/logo\/image\/"},"sameAs":["https:\/\/www.facebook.com\/EmborgMalaysia\/"]}]}},"_links":{"self":[{"href":"https:\/\/www.emborg.com\/vn\/wp-json\/wp\/v2\/pages\/25081"}],"collection":[{"href":"https:\/\/www.emborg.com\/vn\/wp-json\/wp\/v2\/pages"}],"about":[{"href":"https:\/\/www.emborg.com\/vn\/wp-json\/wp\/v2\/types\/page"}],"author":[{"embeddable":true,"href":"https:\/\/www.emborg.com\/vn\/wp-json\/wp\/v2\/users\/1"}],"replies":[{"embeddable":true,"href":"https:\/\/www.emborg.com\/vn\/wp-json\/wp\/v2\/comments?post=25081"}],"version-history":[{"count":5,"href":"https:\/\/www.emborg.com\/vn\/wp-json\/wp\/v2\/pages\/25081\/revisions"}],"predecessor-version":[{"id":28722,"href":"https:\/\/www.emborg.com\/vn\/wp-json\/wp\/v2\/pages\/25081\/revisions\/28722"}],"wp:attachment":[{"href":"https:\/\/www.emborg.com\/vn\/wp-json\/wp\/v2\/media?parent=25081"}],"curies":[{"name":"wp","href":"https:\/\/api.w.org\/{rel}","templated":true}]}}